{"id":57335,"date":"2017-04-05T17:28:26","date_gmt":"2017-04-05T21:28:26","guid":{"rendered":"https:\/\/torosteelbuildings.com\/recursos\/blog\/"},"modified":"2025-01-21T07:45:42","modified_gmt":"2025-01-21T12:45:42","slug":"blog","status":"publish","type":"page","link":"https:\/\/torosteelbuildings.com\/es\/blog\/","title":{"rendered":"Blog"},"content":{"rendered":"<p><div class=\"fusion-fullwidth fullwidth-box fusion-builder-row-1 fusion-flex-container has-pattern-background has-mask-background fusion-parallax-none nonhundred-percent-fullwidth non-hundred-percent-height-scrolling\" style=\"--awb-border-radius-top-left:0px;--awb-border-radius-top-right:0px;--awb-border-radius-bottom-right:0px;--awb-border-radius-bottom-left:0px;--awb-padding-top:50px;--awb-padding-bottom:0px;--awb-min-height:500px;--awb-background-image:linear-gradient(180deg, rgba(255,255,255,0) 0%,var(--awb-custom_color_1) 100%),url(https:\/\/torosteelbuildings.com\/wp-content\/uploads\/2024\/11\/ENERY.webp);;--awb-background-size:cover;--awb-flex-wrap:wrap;\" ><div class=\"fusion-builder-row fusion-row fusion-flex-align-items-flex-start fusion-flex-align-content-flex-end fusion-flex-justify-content-center fusion-flex-content-wrap\" style=\"max-width:1331.2px;margin-left: calc(-4% \/ 2 );margin-right: calc(-4% \/ 2 );\"><div class=\"fusion-layout-column fusion_builder_column fusion-builder-column-0 fusion_builder_column_1_1 1_1 fusion-flex-column\" style=\"--awb-bg-size:cover;--awb-width-large:100%;--awb-margin-top-large:0px;--awb-spacing-right-large:1.92%;--awb-margin-bottom-large:20px;--awb-spacing-left-large:1.92%;--awb-width-medium:100%;--awb-order-medium:0;--awb-spacing-right-medium:1.92%;--awb-spacing-left-medium:1.92%;--awb-width-small:100%;--awb-order-small:0;--awb-spacing-right-small:1.92%;--awb-spacing-left-small:1.92%;\"><div class=\"fusion-column-wrapper fusion-column-has-shadow fusion-flex-justify-content-flex-start fusion-content-layout-column\"><div class=\"fusion-separator fusion-full-width-sep\" style=\"align-self: center;margin-left: auto;margin-right: auto;width:100%;\"><div class=\"fusion-separator-border sep-double\" style=\"--awb-height:20px;--awb-amount:20px;--awb-sep-color:rgba(255,255,255,0);border-color:rgba(255,255,255,0);border-top-width:1px;border-bottom-width:1px;\"><\/div><\/div><\/div><\/div><div class=\"fusion-layout-column fusion_builder_column fusion-builder-column-1 fusion_builder_column_3_5 3_5 fusion-flex-column\" style=\"--awb-bg-size:cover;--awb-width-large:60%;--awb-margin-top-large:0px;--awb-spacing-right-large:3.2%;--awb-margin-bottom-large:20px;--awb-spacing-left-large:3.2%;--awb-width-medium:60%;--awb-order-medium:0;--awb-spacing-right-medium:3.2%;--awb-spacing-left-medium:3.2%;--awb-width-small:100%;--awb-order-small:0;--awb-spacing-right-small:1.92%;--awb-spacing-left-small:1.92%;\"><div class=\"fusion-column-wrapper fusion-column-has-shadow fusion-flex-justify-content-flex-start fusion-content-layout-column\"><div class=\"fusion-title title fusion-title-1 fusion-sep-none fusion-title-text fusion-title-size-one\" style=\"--awb-text-color:var(--awb-custom_color_2);--awb-margin-bottom:0px;--awb-font-size:var(--awb-typography1-font-size);\"><h1 class=\"fusion-title-heading title-heading-left fusion-responsive-typography-calculated\" style=\"font-family:var(--awb-typography1-font-family);font-weight:var(--awb-typography1-font-weight);font-style:var(--awb-typography1-font-style);margin:0;letter-spacing:var(--awb-typography1-letter-spacing);text-transform:var(--awb-typography1-text-transform);font-size:1em;--fontSize:60;line-height:var(--awb-typography1-line-height);\">Blog<\/h1><\/div><div class=\"fusion-title title fusion-title-2 fusion-sep-none fusion-title-text fusion-title-size-three\" style=\"--awb-text-color:var(--awb-color1);\"><h3 class=\"fusion-title-heading title-heading-left fusion-responsive-typography-calculated\" style=\"margin:0;--fontSize:27;line-height:1.3;\">Ideas, consejos e innovaciones en la construcci\u00f3n de acero.<\/h3><\/div><\/div><\/div><div class=\"fusion-layout-column fusion_builder_column fusion-builder-column-2 fusion_builder_column_1_3 1_3 fusion-flex-column fusion-no-small-visibility\" style=\"--awb-bg-size:cover;--awb-width-large:33.333333333333%;--awb-margin-top-large:0px;--awb-spacing-right-large:5.76%;--awb-margin-bottom-large:20px;--awb-spacing-left-large:5.76%;--awb-width-medium:33.333333333333%;--awb-order-medium:0;--awb-spacing-right-medium:5.76%;--awb-spacing-left-medium:5.76%;--awb-width-small:100%;--awb-order-small:0;--awb-spacing-right-small:1.92%;--awb-spacing-left-small:1.92%;\"><div class=\"fusion-column-wrapper fusion-column-has-shadow fusion-flex-justify-content-flex-start fusion-content-layout-column\"><\/div><\/div><div class=\"fusion-layout-column fusion_builder_column fusion-builder-column-3 fusion_builder_column_1_1 1_1 fusion-flex-column\" style=\"--awb-bg-size:cover;--awb-width-large:100%;--awb-margin-top-large:0px;--awb-spacing-right-large:1.92%;--awb-margin-bottom-large:-1px;--awb-spacing-left-large:1.92%;--awb-width-medium:100%;--awb-order-medium:0;--awb-spacing-right-medium:1.92%;--awb-spacing-left-medium:1.92%;--awb-width-small:100%;--awb-order-small:0;--awb-spacing-right-small:1.92%;--awb-spacing-left-small:1.92%;\"><div class=\"fusion-column-wrapper fusion-column-has-shadow fusion-flex-justify-content-flex-start fusion-content-layout-column\"><div class=\"fusion-section-separator section-separator bigtriangle fusion-section-separator-1\" style=\"--awb-spacer-height:70px;--awb-svg-margin-left:1.92%;--awb-svg-margin-right:1.92%;--awb-svg-margin-left-medium:1.92%;--awb-svg-margin-right-medium:1.92%;--awb-svg-margin-left-small:1.92%;--awb-svg-margin-right-small:1.92%;--awb-divider-height:70px;--awb-spacer-padding-top:inherit;--awb-divider-height-small:40px;--awb-spacer-height-small:40px;--awb-sep-padding:0;--awb-svg-padding:0;\"><div class=\"fusion-section-separator-svg\"><svg class=\"fusion-big-triangle-candy\" xmlns=\"http:\/\/www.w3.org\/2000\/svg\" version=\"1.1\" width=\"100%\" height=\"100\" viewBox=\"0 0 100 100\" preserveAspectRatio=\"none\" fill=\"rgba(255,255,255,1)\"><path d=\"M0 100 L25 2 L100 100 Z\"><\/path><\/svg><\/div><div class=\"fusion-section-separator-spacer\"><div class=\"fusion-section-separator-spacer-height\"><\/div><\/div><\/div><\/div><\/div><\/div><\/div><div class=\"fusion-fullwidth fullwidth-box fusion-builder-row-2 fusion-flex-container has-pattern-background has-mask-background nonhundred-percent-fullwidth non-hundred-percent-height-scrolling\" style=\"--awb-border-radius-top-left:0px;--awb-border-radius-top-right:0px;--awb-border-radius-bottom-right:0px;--awb-border-radius-bottom-left:0px;--awb-padding-top:50px;--awb-padding-bottom:50px;--awb-flex-wrap:wrap;\" ><div class=\"fusion-builder-row fusion-row fusion-flex-align-items-flex-start fusion-flex-content-wrap\" style=\"max-width:1331.2px;margin-left: calc(-4% \/ 2 );margin-right: calc(-4% \/ 2 );\"><div class=\"fusion-layout-column fusion_builder_column fusion-builder-column-4 fusion_builder_column_1_1 1_1 fusion-flex-column\" style=\"--awb-bg-size:cover;--awb-width-large:100%;--awb-margin-top-large:0px;--awb-spacing-right-large:1.92%;--awb-margin-bottom-large:20px;--awb-spacing-left-large:1.92%;--awb-width-medium:100%;--awb-order-medium:0;--awb-spacing-right-medium:1.92%;--awb-spacing-left-medium:1.92%;--awb-width-small:100%;--awb-order-small:0;--awb-spacing-right-small:1.92%;--awb-spacing-left-small:1.92%;\"><div class=\"fusion-column-wrapper fusion-column-has-shadow fusion-flex-justify-content-flex-start fusion-content-layout-column\"><div class=\"fusion-post-cards fusion-post-cards-1 fusion-grid-archive fusion-grid-columns-3\" style=\"--awb-dots-align:center;--awb-columns:3;--awb-active-filter-border-size:3px;--awb-filters-height:36px;\"><ul class=\"fusion-grid fusion-grid-3 fusion-flex-align-items-stretch fusion-grid-posts-cards fusion-grid-container-infinite\" data-pages=\"1\"><li class=\"fusion-layout-column fusion_builder_column fusion-builder-column-5 fusion-flex-column post-card fusion-grid-column fusion-post-cards-grid-column\" style=\"--awb-bg-color:var(--awb-color1);--awb-bg-color-hover:var(--awb-color1);--awb-bg-size:cover;--awb-box-shadow:3px 3px 7px 7px rgba(90,93,98,0.27);;--awb-flex-grow:0;--awb-flex-shrink:0;--awb-flex-grow-medium:0;--awb-flex-shrink-medium:0;--awb-flex-grow-small:0;--awb-flex-shrink-small:0;\" data-scroll-devices=\"small-visibility,medium-visibility,large-visibility\"><div class=\"fusion-column-wrapper fusion-column-has-shadow fusion-flex-justify-content-flex-start fusion-content-layout-column\"><div class=\"fusion-image-element \" style=\"--awb-aspect-ratio:4 \/ 3;--awb-caption-title-font-family:var(--h2_typography-font-family);--awb-caption-title-font-weight:var(--h2_typography-font-weight);--awb-caption-title-font-style:var(--h2_typography-font-style);--awb-caption-title-size:var(--h2_typography-font-size);--awb-caption-title-transform:var(--h2_typography-text-transform);--awb-caption-title-line-height:var(--h2_typography-line-height);--awb-caption-title-letter-spacing:var(--h2_typography-letter-spacing);\"><span class=\" fusion-imageframe imageframe-none imageframe-1 hover-type-none has-aspect-ratio\"><img decoding=\"async\" width=\"600\" height=\"338\" title=\"M-Model barn w lean tos\" src=\"https:\/\/torosteelbuildings.com\/wp-content\/uploads\/2024\/04\/M-Model-barn-w-lean-tos.png\" class=\"img-responsive wp-image-58162 img-with-aspect-ratio\" data-parent-fit=\"cover\" data-parent-container=\".fusion-image-element\" srcset=\"https:\/\/torosteelbuildings.com\/wp-content\/uploads\/2024\/04\/M-Model-barn-w-lean-tos-200x113.png 200w, https:\/\/torosteelbuildings.com\/wp-content\/uploads\/2024\/04\/M-Model-barn-w-lean-tos-400x225.png 400w, https:\/\/torosteelbuildings.com\/wp-content\/uploads\/2024\/04\/M-Model-barn-w-lean-tos.png 600w\" sizes=\"(max-width: 768px) 100vw, 600px\" alt=\"\"><\/span><\/div><div class=\"fusion-title title fusion-title-3 fusion-sep-none fusion-title-text fusion-title-size-two\" style=\"--awb-margin-right:20px;--awb-margin-bottom:5px;--awb-margin-left:20px;--awb-font-size:38px;\"><h2 class=\"fusion-title-heading title-heading-left fusion-responsive-typography-calculated\" style=\"font-family:var(--awb-typography1-font-family);font-weight:var(--awb-typography1-font-weight);font-style:var(--awb-typography1-font-style);margin:0;font-size:1em;--fontSize:38;line-height:var(--awb-typography1-line-height);\">Descubre 6 ventajas de los edificios de acero conformado en fr\u00edo sobre las estructuras de acero de fundici\u00f3n roja<\/h2><\/div><div class=\"fusion-text fusion-text-1 fusion-text-no-margin\" style=\"--awb-content-alignment:left;--awb-font-size:16px;--awb-text-color:var(--awb-custom_color_1);--awb-margin-right:20px;--awb-margin-bottom:5px;--awb-margin-left:20px;\"><p>martes, abril 16, 2024<\/p>\n<\/div><div class=\"fusion-content-tb fusion-content-tb-1\" style=\"--awb-text-color:#000000;--awb-margin-left:20px;--awb-margin-right:20px;--awb-text-transform:none;\"><p>________________________________________ Acero conformado en fr\u00edo vs Acero Red Iron En el \u00e1mbito de la construcci\u00f3n en acero, destacan dos metodolog\u00edas[...]<\/p><\/div><div style=\"text-align:left;\"><a class=\"fusion-button button-flat fusion-button-default-size button-default fusion-button-default button-1 fusion-button-default-span fusion-button-default-type\" style=\"--button_margin-bottom:30px;--button_margin-left:20px;\" target=\"_self\" data-hover=\"bg_slide_left\" href=\"https:\/\/torosteelbuildings.com\/es\/blog\/descubre-6-ventajas-de-los-edificios-de-acero-conformado-en-frio-sobre-las-estructuras-de-acero-de-fundicion-roja\/\"><span class=\"fusion-button-text awb-button__text awb-button__text--default\">Leer m\u00e1s<\/span><\/a><\/div><\/div><\/li>\n<li class=\"fusion-layout-column fusion_builder_column fusion-builder-column-6 fusion-flex-column post-card fusion-grid-column fusion-post-cards-grid-column\" style=\"--awb-bg-color:var(--awb-color1);--awb-bg-color-hover:var(--awb-color1);--awb-bg-size:cover;--awb-box-shadow:3px 3px 7px 7px rgba(90,93,98,0.27);;--awb-flex-grow:0;--awb-flex-shrink:0;--awb-flex-grow-medium:0;--awb-flex-shrink-medium:0;--awb-flex-grow-small:0;--awb-flex-shrink-small:0;\" data-scroll-devices=\"small-visibility,medium-visibility,large-visibility\"><div class=\"fusion-column-wrapper fusion-column-has-shadow fusion-flex-justify-content-flex-start fusion-content-layout-column\"><div class=\"fusion-image-element \" style=\"--awb-aspect-ratio:4 \/ 3;--awb-caption-title-font-family:var(--h2_typography-font-family);--awb-caption-title-font-weight:var(--h2_typography-font-weight);--awb-caption-title-font-style:var(--h2_typography-font-style);--awb-caption-title-size:var(--h2_typography-font-size);--awb-caption-title-transform:var(--h2_typography-text-transform);--awb-caption-title-line-height:var(--h2_typography-line-height);--awb-caption-title-letter-spacing:var(--h2_typography-letter-spacing);\"><span class=\" fusion-imageframe imageframe-none imageframe-2 hover-type-none has-aspect-ratio\"><img decoding=\"async\" width=\"774\" height=\"500\" title=\"steel-carport-kits-diy-installation-steps-f\" src=\"https:\/\/torosteelbuildings.com\/wp-content\/uploads\/2024\/01\/steel-carport-kits-diy-installation-steps-f.jpg\" class=\"img-responsive wp-image-58158 img-with-aspect-ratio\" data-parent-fit=\"cover\" data-parent-container=\".fusion-image-element\" srcset=\"https:\/\/torosteelbuildings.com\/wp-content\/uploads\/2024\/01\/steel-carport-kits-diy-installation-steps-f-200x129.jpg 200w, https:\/\/torosteelbuildings.com\/wp-content\/uploads\/2024\/01\/steel-carport-kits-diy-installation-steps-f-400x258.jpg 400w, https:\/\/torosteelbuildings.com\/wp-content\/uploads\/2024\/01\/steel-carport-kits-diy-installation-steps-f-600x388.jpg 600w, https:\/\/torosteelbuildings.com\/wp-content\/uploads\/2024\/01\/steel-carport-kits-diy-installation-steps-f.jpg 774w\" sizes=\"(max-width: 768px) 100vw, 774px\" alt=\"\"><\/span><\/div><div class=\"fusion-title title fusion-title-4 fusion-sep-none fusion-title-text fusion-title-size-two\" style=\"--awb-margin-right:20px;--awb-margin-bottom:5px;--awb-margin-left:20px;--awb-font-size:38px;\"><h2 class=\"fusion-title-heading title-heading-left fusion-responsive-typography-calculated\" style=\"font-family:var(--awb-typography1-font-family);font-weight:var(--awb-typography1-font-weight);font-style:var(--awb-typography1-font-style);margin:0;font-size:1em;--fontSize:38;line-height:var(--awb-typography1-line-height);\">Equipos de cochera de acero: Pasos de instalaci\u00f3n DIY<\/h2><\/div><div class=\"fusion-text fusion-text-2 fusion-text-no-margin\" style=\"--awb-content-alignment:left;--awb-font-size:16px;--awb-text-color:var(--awb-custom_color_1);--awb-margin-right:20px;--awb-margin-bottom:5px;--awb-margin-left:20px;\"><p>mi\u00e9rcoles, enero 10, 2024<\/p>\n<\/div><div class=\"fusion-content-tb fusion-content-tb-2\" style=\"--awb-text-color:#000000;--awb-margin-left:20px;--awb-margin-right:20px;--awb-text-transform:none;\"><p>\u00a0 \u00a0 \u00a0 \u00a0 \u00a0 \u00a0 \u00bfEst\u00e1s pensando en comprar un kit de cobertizo met\u00e1lico pero tienes dudas sobre el[...]<\/p><\/div><div style=\"text-align:left;\"><a class=\"fusion-button button-flat fusion-button-default-size button-default fusion-button-default button-2 fusion-button-default-span fusion-button-default-type\" style=\"--button_margin-bottom:30px;--button_margin-left:20px;\" target=\"_self\" data-hover=\"bg_slide_left\" href=\"https:\/\/torosteelbuildings.com\/es\/blog\/equipos-de-cochera-de-acero-pasos-de-instalacion-diy\/\"><span class=\"fusion-button-text awb-button__text awb-button__text--default\">Leer m\u00e1s<\/span><\/a><\/div><\/div><\/li>\n<li class=\"fusion-layout-column fusion_builder_column fusion-builder-column-7 fusion-flex-column post-card fusion-grid-column fusion-post-cards-grid-column\" style=\"--awb-bg-color:var(--awb-color1);--awb-bg-color-hover:var(--awb-color1);--awb-bg-size:cover;--awb-box-shadow:3px 3px 7px 7px rgba(90,93,98,0.27);;--awb-flex-grow:0;--awb-flex-shrink:0;--awb-flex-grow-medium:0;--awb-flex-shrink-medium:0;--awb-flex-grow-small:0;--awb-flex-shrink-small:0;\" data-scroll-devices=\"small-visibility,medium-visibility,large-visibility\"><div class=\"fusion-column-wrapper fusion-column-has-shadow fusion-flex-justify-content-flex-start fusion-content-layout-column\"><div class=\"fusion-image-element \" style=\"--awb-aspect-ratio:4 \/ 3;--awb-caption-title-font-family:var(--h2_typography-font-family);--awb-caption-title-font-weight:var(--h2_typography-font-weight);--awb-caption-title-font-style:var(--h2_typography-font-style);--awb-caption-title-size:var(--h2_typography-font-size);--awb-caption-title-transform:var(--h2_typography-text-transform);--awb-caption-title-line-height:var(--h2_typography-line-height);--awb-caption-title-letter-spacing:var(--h2_typography-letter-spacing);\"><span class=\" fusion-imageframe imageframe-none imageframe-3 hover-type-none has-aspect-ratio\"><img decoding=\"async\" width=\"774\" height=\"500\" title=\"how-to-get-your-dream-metal-storage-building-at-the-best-price-f\" src=\"https:\/\/torosteelbuildings.com\/wp-content\/uploads\/2024\/01\/how-to-get-your-dream-metal-storage-building-at-the-best-price-f.jpg\" class=\"img-responsive wp-image-58153 img-with-aspect-ratio\" data-parent-fit=\"cover\" data-parent-container=\".fusion-image-element\" srcset=\"https:\/\/torosteelbuildings.com\/wp-content\/uploads\/2024\/01\/how-to-get-your-dream-metal-storage-building-at-the-best-price-f-200x129.jpg 200w, https:\/\/torosteelbuildings.com\/wp-content\/uploads\/2024\/01\/how-to-get-your-dream-metal-storage-building-at-the-best-price-f-400x258.jpg 400w, https:\/\/torosteelbuildings.com\/wp-content\/uploads\/2024\/01\/how-to-get-your-dream-metal-storage-building-at-the-best-price-f-600x388.jpg 600w, https:\/\/torosteelbuildings.com\/wp-content\/uploads\/2024\/01\/how-to-get-your-dream-metal-storage-building-at-the-best-price-f.jpg 774w\" sizes=\"(max-width: 768px) 100vw, 774px\" alt=\"\"><\/span><\/div><div class=\"fusion-title title fusion-title-5 fusion-sep-none fusion-title-text fusion-title-size-two\" style=\"--awb-margin-right:20px;--awb-margin-bottom:5px;--awb-margin-left:20px;--awb-font-size:38px;\"><h2 class=\"fusion-title-heading title-heading-left fusion-responsive-typography-calculated\" style=\"font-family:var(--awb-typography1-font-family);font-weight:var(--awb-typography1-font-weight);font-style:var(--awb-typography1-font-style);margin:0;font-size:1em;--fontSize:38;line-height:var(--awb-typography1-line-height);\">C\u00f3mo conseguir el almac\u00e9n met\u00e1lico de tus sue\u00f1os al mejor precio<\/h2><\/div><div class=\"fusion-text fusion-text-3 fusion-text-no-margin\" style=\"--awb-content-alignment:left;--awb-font-size:16px;--awb-text-color:var(--awb-custom_color_1);--awb-margin-right:20px;--awb-margin-bottom:5px;--awb-margin-left:20px;\"><p>viernes, enero 5, 2024<\/p>\n<\/div><div class=\"fusion-content-tb fusion-content-tb-3\" style=\"--awb-text-color:#000000;--awb-margin-left:20px;--awb-margin-right:20px;--awb-text-transform:none;\"><p>Cuando se trata de planificar y presupuestar la nave met\u00e1lica de tus sue\u00f1os, \u00a1est\u00e1s de suerte! Hemos recopilado consejos y[...]<\/p><\/div><div style=\"text-align:left;\"><a class=\"fusion-button button-flat fusion-button-default-size button-default fusion-button-default button-3 fusion-button-default-span fusion-button-default-type\" style=\"--button_margin-bottom:30px;--button_margin-left:20px;\" target=\"_self\" data-hover=\"bg_slide_left\" href=\"https:\/\/torosteelbuildings.com\/es\/blog\/como-conseguir-el-almacen-metalico-de-tus-suenos-al-mejor-precio\/\"><span class=\"fusion-button-text awb-button__text awb-button__text--default\">Leer m\u00e1s<\/span><\/a><\/div><\/div><\/li>\n<\/ul><\/div><\/div><\/div><\/div><\/div><\/p>\n","protected":false},"excerpt":{"rendered":"","protected":false},"author":3,"featured_media":0,"parent":0,"menu_order":7,"comment_status":"closed","ping_status":"closed","template":"100-width.php","meta":{"_acf_changed":false,"footnotes":""},"class_list":["post-57335","page","type-page","status-publish","hentry"],"acf":[],"_links":{"self":[{"href":"https:\/\/torosteelbuildings.com\/es\/wp-json\/wp\/v2\/pages\/57335","targetHints":{"allow":["GET"]}}],"collection":[{"href":"https:\/\/torosteelbuildings.com\/es\/wp-json\/wp\/v2\/pages"}],"about":[{"href":"https:\/\/torosteelbuildings.com\/es\/wp-json\/wp\/v2\/types\/page"}],"author":[{"embeddable":true,"href":"https:\/\/torosteelbuildings.com\/es\/wp-json\/wp\/v2\/users\/3"}],"replies":[{"embeddable":true,"href":"https:\/\/torosteelbuildings.com\/es\/wp-json\/wp\/v2\/comments?post=57335"}],"version-history":[{"count":0,"href":"https:\/\/torosteelbuildings.com\/es\/wp-json\/wp\/v2\/pages\/57335\/revisions"}],"wp:attachment":[{"href":"https:\/\/torosteelbuildings.com\/es\/wp-json\/wp\/v2\/media?parent=57335"}],"curies":[{"name":"wp","href":"https:\/\/api.w.org\/{rel}","templated":true}]}}